{"id":230,"date":"2012-03-27T18:20:28","date_gmt":"2012-03-27T18:20:28","guid":{"rendered":"https:\/\/humanoser.com.br\/?page_id=230"},"modified":"2012-07-30T20:33:21","modified_gmt":"2012-07-30T20:33:21","slug":"nossos-servicos","status":"publish","type":"page","link":"https:\/\/humanoser.com.br\/?page_id=230","title":{"rendered":"Nossos Servi\u00e7os"},"content":{"rendered":"<ul class=\"list-content\"><li id=\"post-922\" \nclass=\"author-1\"><a href=\"https:\/\/humanoser.com.br\/?p=922\">Implanta\u00e7\u00e3o de RH<\/a><\/li><li id=\"post-428\" \nclass=\"author-1\"><a href=\"https:\/\/humanoser.com.br\/?p=428\">Avalia\u00e7\u00e3o de Potencial (Psicol\u00f3gica)<\/a><\/li><li id=\"post-299\" \nclass=\"author-1\"><a href=\"https:\/\/humanoser.com.br\/?p=299\">Motivacional<\/a><br\/><small>Despertar para uma atitude de comprometimento e de aumento da produtividade...<\/small><\/li><li id=\"post-295\" \nclass=\"author-1\"><a href=\"https:\/\/humanoser.com.br\/?p=295\">Rela\u00e7\u00f5es Humanas<\/a><br\/><small>Despertar a equipe para uma atitude de coopera\u00e7\u00e3o no dia a dia do trabalho...<\/small><\/li><li id=\"post-292\" \nclass=\"author-1\"><a href=\"https:\/\/humanoser.com.br\/?p=292\">Comunica\u00e7\u00e3o<\/a><br\/><small>Desenvolver a capacidade de interagir, exercitar a escuta, colocar-se no lugar do outro, expressar-se e se fazer entender, saber dar e receber feedback...<\/small><\/li><li id=\"post-285\" \nclass=\"author-1\"><a href=\"https:\/\/humanoser.com.br\/?p=285\">Atendimento Eficaz (Ao Cliente)<\/a><br\/><small>Apresentar aos participantes conceitos e t\u00e9cnicas de Atendimento Eficaz<\/small><\/li><li id=\"post-275\" \nclass=\"author-1\"><a href=\"https:\/\/humanoser.com.br\/?p=275\">Desenvolvimento de L\u00edderes<\/a><br\/><small>Como desenvolver equipes com estilo forte e estrat\u00e9gico, estimulando os potenciais de cada um gerando bons resultados...<\/small><\/li><li id=\"post-264\" \nclass=\"author-1\"><a href=\"https:\/\/humanoser.com.br\/?p=264\">Desenvolvimento de Equipe<\/a><br\/><small>Desenvolver as Compet\u00eancias relevantes, como as caracter\u00edsticas individuais, comportamentos e capacita\u00e7\u00f5es<\/small><\/li><li id=\"post-187\" \nclass=\"author-1\"><a href=\"https:\/\/humanoser.com.br\/?p=187\">Prepara\u00e7\u00e3o para o Mercado de Trabalho<\/a><\/li><li id=\"post-172\" \nclass=\"author-1\"><a href=\"https:\/\/humanoser.com.br\/?p=172\">Pesquisa 360\u00b0<\/a><\/li><li id=\"post-168\" \nclass=\"author-1\"><a href=\"https:\/\/humanoser.com.br\/?p=168\">Pesquisa Clima organizacional<\/a><\/li><\/ul>\n","protected":false},"excerpt":{"rendered":"","protected":false},"author":1,"featured_media":0,"parent":0,"menu_order":0,"comment_status":"open","ping_status":"open","template":"","meta":{"footnotes":""},"class_list":["post-230","page","type-page","status-publish","hentry"],"_links":{"self":[{"href":"https:\/\/humanoser.com.br\/index.php?rest_route=\/wp\/v2\/pages\/230","targetHints":{"allow":["GET"]}}],"collection":[{"href":"https:\/\/humanoser.com.br\/index.php?rest_route=\/wp\/v2\/pages"}],"about":[{"href":"https:\/\/humanoser.com.br\/index.php?rest_route=\/wp\/v2\/types\/page"}],"author":[{"embeddable":true,"href":"https:\/\/humanoser.com.br\/index.php?rest_route=\/wp\/v2\/users\/1"}],"replies":[{"embeddable":true,"href":"https:\/\/humanoser.com.br\/index.php?rest_route=%2Fwp%2Fv2%2Fcomments&post=230"}],"version-history":[{"count":9,"href":"https:\/\/humanoser.com.br\/index.php?rest_route=\/wp\/v2\/pages\/230\/revisions"}],"predecessor-version":[{"id":324,"href":"https:\/\/humanoser.com.br\/index.php?rest_route=\/wp\/v2\/pages\/230\/revisions\/324"}],"wp:attachment":[{"href":"https:\/\/humanoser.com.br\/index.php?rest_route=%2Fwp%2Fv2%2Fmedia&parent=230"}],"curies":[{"name":"wp","href":"https:\/\/api.w.org\/{rel}","templated":true}]}}