{"id":209,"date":"2011-12-08T12:51:29","date_gmt":"2011-12-08T12:51:29","guid":{"rendered":"https:\/\/humanoser.com.br\/?page_id=209"},"modified":"2016-08-17T13:56:39","modified_gmt":"2016-08-17T13:56:39","slug":"cadastro-de-empresa","status":"publish","type":"page","link":"https:\/\/humanoser.com.br\/?page_id=209","title":{"rendered":"Cadastro de Empresa"},"content":{"rendered":"<p>&#8220;Cadastre sua empresa GRATUITAMENTE e solicite propostas de nossos servi\u00e7os al\u00e9m de optar por receber sugest\u00f5es de ferramentas de RH totalmente voltadas para sua empresa.&#8221;<\/p>\n    <form action=\"\" method=\"post\" id=\"cadastro-form\" class=\"wpcf7-form\">\r\n\r\n        <div id=\"alert-error\" style=\"display: none\"><\/div>\r\n\r\n        <!-- PAGSEGURO -->\r\n        <input type=\"hidden\" name=\"receiverEmail\" value=\"comercial@humanoser.com.br\"\/>\r\n        <input type=\"hidden\" name=\"currency\" value=\"BRL\"\/>\r\n        <input type=\"hidden\" name=\"tipo\" value=\"CBR\"\/>\r\n        <input type=\"hidden\" name=\"encoding\" value=\"utf-8\"\/>\r\n\r\n        <!-- DESCRICAO PRODUTO -->\r\n        <input type=\"hidden\" id=\"itemId\" name=\"itemId1\" value=\"<br \/>\n<b>Warning<\/b>:  Use of undefined constant id - assumed 'id' (this will throw an Error in a future version of PHP) in <b>\/home\/storage\/c\/72\/1b\/humanoser1\/public_html\/wp-content\/themes\/humanoser\/inc\/shortcodes\/shortcode-form-empresa.php<\/b> on line <b>22<\/b><br \/>\n\">\r\n        <input type=\"hidden\" id=\"itemDescricao\" name=\"itemDescription1\" value=\"<br \/>\n<b>Warning<\/b>:  Use of undefined constant descricao - assumed 'descricao' (this will throw an Error in a future version of PHP) in <b>\/home\/storage\/c\/72\/1b\/humanoser1\/public_html\/wp-content\/themes\/humanoser\/inc\/shortcodes\/shortcode-form-empresa.php<\/b> on line <b>23<\/b><br \/>\n\">\r\n        <input type=\"hidden\" id=\"valorPlano\" name=\"itemAmount1\" value=\"\">\r\n        <input type=\"hidden\" name=\"itemQuantity1\" value=\"1\">\r\n        <input type=\"hidden\" name=\"itemWeight1\" value=\"0\">\r\n        <input type=\"hidden\" name=\"reference\" value=\"3\">\r\n        <!-- \/\/PAGSEGURO -->\r\n\r\n        <!-- action para acao WP AJAX -->\r\n        <input type=\"hidden\" name=\"action\" value=\"cadastraEmpresa\"\/>\r\n\r\n    <!--        <p><label>Plano <strong>*<\/strong><\/label>\r\n        <select name=\"plano\" id=\"plano\" class=\"required\">\r\n            <option value=\"\">Escolha um plano<\/option>\r\n            <option value=\"10\">30 Dias - R$ 199,00<\/option>\r\n            <option value=\"11\">90 Dias - R$ 398,00<\/option>\r\n            <option value=\"12\">180 Dias - R$ 597,00<\/option>\r\n            <option value=\"13\">360 Dias - R$ 796,00<\/option>\r\n        <\/select><\/p>-->\r\n        <p><label>Nome Fantasia <strong>*<\/strong><\/label><br>\r\n            <input type=\"text\" name=\"nome_fantasia\" class=\"required\" size=\"40\"><\/p>\r\n        <p><label>Raz\u00e3o Social <strong>*<\/strong><\/label><br>\r\n            <input type=\"text\" name=\"razao_social\" class=\"required\" size=\"40\"><\/p>\r\n        <p><label>CNPJ <strong>*<\/strong><\/label><br>\r\n            <input type=\"text\" name=\"cnpj\" class=\"required m cnpj\" size=\"40\"><\/p>\r\n        <p><label>Endere\u00e7o <strong>*<\/strong><\/label><br>\r\n            <input type=\"text\" name=\"endereco\" value=\"\" class=\"required\" size=\"40\"> <span class=\"numero\"><\/span><\/p>\r\n        <p><label>Cidade <strong>*<\/strong><\/label><br>\r\n            <input type=\"text\" name=\"cidade\" value=\"\" class=\"wpcf7-text required\" size=\"40\"><\/p>\r\n        <p><label>Estado <strong>*<\/strong><\/label><br>\r\n            <select name=\"estado\" class=\"required\">\r\n                <option value=\"\">Selecione<\/option>\r\n                <option value=\"AL\">AL<\/option>\r\n                <option value=\"AP\">AP<\/option>\r\n                <option value=\"AM\">AM<\/option>\r\n                <option value=\"BA\">BA<\/option>\r\n                <option value=\"CE\">CE<\/option>\r\n                <option value=\"DF\">DF<\/option>\r\n                <option value=\"ES\">ES<\/option>\r\n                <option value=\"GO\">GO<\/option>\r\n                <option value=\"MA\">MA<\/option>\r\n                <option value=\"MT\">MT<\/option>\r\n                <option value=\"MS\">MS<\/option>\r\n                <option value=\"MG\">MG<\/option>\r\n                <option value=\"PA\">PA<\/option>\r\n                <option value=\"PB\">PB<\/option>\r\n                <option value=\"PR\">PR<\/option>\r\n                <option value=\"PE\">PE<\/option>\r\n                <option value=\"PI\">PI<\/option>\r\n                <option value=\"RJ\">RJ<\/option>\r\n                <option value=\"RN\">RN<\/option>\r\n                <option value=\"RS\">RS<\/option>\r\n                <option value=\"RO\">RO<\/option>\r\n                <option value=\"RR\">RR<\/option>\r\n                <option value=\"SC\">SC<\/option>\r\n                <option value=\"SP\">SP<\/option>\r\n                <option value=\"SE\">SE<\/option>\r\n                <option value=\"TO\">TO<\/option>\r\n            <\/select><\/p>\r\n        <p><label>CEP <strong>*<\/strong><\/label><br>\r\n            <input type=\"text\" name=\"cep\" value=\"\" class=\"wpcf7-text required cep m\" size=\"40\"><\/p>\r\n        <p><label>Fixo <strong>*<\/strong><\/label><br>\r\n            <input type=\"text\" name=\"telefone\" value=\"\" class=\"wpcf7-text required fone m\" size=\"40\"><\/p>\r\n        <p><label>Cel <strong>*<\/strong><\/label><br>\r\n            <input type=\"text\" name=\"celular\" value=\"\" class=\"wpcf7-text required fone m\" size=\"40\"><\/p>\r\n        <p><label>E-mail 1 <small> <\/small> <strong>*<\/strong><\/label><br>\r\n            <input type=\"text\" name=\"email\" value=\"\" class=\"wpcf7-text required-email required\" size=\"40\"><\/p>\r\n        <p><label>E-mail 2<\/label><br>\r\n            <input type=\"text\" name=\"email2\" value=\"\" class=\"wpcf7-text required-email\" size=\"40\"><\/p>\r\n        <p><label>Site<\/label><br>\r\n            <input type=\"text\" name=\"site\" value=\"\" class=\"wpcf7-text\" size=\"40\"><\/p>\r\n        <p><label>Respons\u00e1vel Legal <strong>*<\/strong><\/label><br>\r\n            <input type=\"text\" name=\"nome_responsavel\" value=\"\" class=\"wpcf7-text required\" size=\"40\"><\/p>\r\n        <p><label>Quantidade de Funcion\u00e1rios<\/label><br>\r\n            <input type=\"text\" name=\"qtd_funcionarios\" value=\"\" class=\"mm wpcf7-text\" size=\"40\"><\/p>\r\n        <p><label>Ramo de Atividade <strong>*<\/strong><\/label><br>\r\n            <input type=\"text\" name=\"ramo_atividade\" value=\"\" class=\"wpcf7-text required\" size=\"40\"><\/p>\r\n        <p><label>Data de Funda\u00e7\u00e3o<\/label><br>\r\n            <input type=\"text\" name=\"data_fundacao\" value=\"\" class=\"m wpcf7-text data-mask\" size=\"40\"><\/p>\r\n        <p><label>Observa\u00e7\u00f5es<\/label><br>\r\n            <textarea name=\"observacoes\" cols=\"40\" rows=\"10\" style=\"margin: 0px; width: 370px; height: 40px; \"><\/textarea><\/p>\r\n        <p><span id=\"box-cad\"><\/span>\r\n            <input id=\"submit-form\" type=\"submit\" value=\"Salvar\" class=\"wpcf7-submit a1\"><img decoding=\"async\" class=\"ajax-loader\" style=\"visibility: hidden;\" alt=\"Enviando ...\" src=\"http:\/\/humanoser.com.br\/wp-content\/plugins\/contact-form-7\/images\/ajax-loader.gif\"><\/p>\r\n    <\/form>\r\n    \n<p>\u00a0<\/p>\n","protected":false},"excerpt":{"rendered":"<p>&#8220;Cadastre sua empresa GRATUITAMENTE e solicite propostas de nossos servi\u00e7os al\u00e9m de optar por receber sugest\u00f5es de ferramentas de RH totalmente voltadas para sua empresa.&#8221; \u00a0<\/p>\n","protected":false},"author":1,"featured_media":0,"parent":0,"menu_order":0,"comment_status":"open","ping_status":"closed","template":"","meta":{"footnotes":""},"class_list":["post-209","page","type-page","status-publish","hentry"],"_links":{"self":[{"href":"https:\/\/humanoser.com.br\/index.php?rest_route=\/wp\/v2\/pages\/209","targetHints":{"allow":["GET"]}}],"collection":[{"href":"https:\/\/humanoser.com.br\/index.php?rest_route=\/wp\/v2\/pages"}],"about":[{"href":"https:\/\/humanoser.com.br\/index.php?rest_route=\/wp\/v2\/types\/page"}],"author":[{"embeddable":true,"href":"https:\/\/humanoser.com.br\/index.php?rest_route=\/wp\/v2\/users\/1"}],"replies":[{"embeddable":true,"href":"https:\/\/humanoser.com.br\/index.php?rest_route=%2Fwp%2Fv2%2Fcomments&post=209"}],"version-history":[{"count":27,"href":"https:\/\/humanoser.com.br\/index.php?rest_route=\/wp\/v2\/pages\/209\/revisions"}],"predecessor-version":[{"id":4068,"href":"https:\/\/humanoser.com.br\/index.php?rest_route=\/wp\/v2\/pages\/209\/revisions\/4068"}],"wp:attachment":[{"href":"https:\/\/humanoser.com.br\/index.php?rest_route=%2Fwp%2Fv2%2Fmedia&parent=209"}],"curies":[{"name":"wp","href":"https:\/\/api.w.org\/{rel}","templated":true}]}}