{"id":10,"date":"2011-11-30T14:00:09","date_gmt":"2011-11-30T14:00:09","guid":{"rendered":"http:\/\/localhost\/wordpress\/humanoser\/?page_id=10"},"modified":"2012-06-12T18:04:40","modified_gmt":"2012-06-12T18:04:40","slug":"empresa","status":"publish","type":"page","link":"https:\/\/humanoser.com.br\/?page_id=10","title":{"rendered":"Empresa"},"content":{"rendered":"<p>O Capital Humano \u00e9 o maior ativo para qualquer empresa que deseja representar no mercado um grande diferencial competitivo, independente do seu ramo de atua\u00e7\u00e3o.<br \/>\nFoi pensando nisso que a HumanoSer foi criada em 2001, destacando-se pela qualidade e credibilidade dos servi\u00e7os prestados na \u00e1rea de Recursos Humanos, sendo refer\u00eancia\u00a0no segmento de Recrutamento&amp; Sele\u00e7\u00e3o de Pessoal, possuindo um excelente Banco de Talentos em diversas \u00e1reas. Hoje, tamb\u00e9m focada com igual compet\u00eancia em servi\u00e7os\u00a0na \u00e1rea de Gest\u00e3o de Pessoas e Desenvolvimento de Equipes<\/p>\n<p><strong>NOSSA VIS\u00c3O<\/strong><\/p>\n<p>Tornar-se refer\u00eancia no segmento de Recursos Humanos da regi\u00e3o Nordeste, prestando servi\u00e7os de excel\u00eancia para Profissionais e Organiza\u00e7\u00f5es, comprometida com o Ser Humano.<br \/>\n<strong>NOSSA MISS\u00c3O<\/strong><\/p>\n<p>Oferecer servi\u00e7os de Recursos Humanos, com efici\u00eancia e transpar\u00eancia, em uma busca constante de crescimento, inova\u00e7\u00e3o, com grande diferencial no desenvolvimento do potencial humano e das Organiza\u00e7\u00f5es.<\/p>\n<p><strong>NOSSOS VALORES<\/strong><\/p>\n<p>\u00c9tica, potencial humano, humildade, compet\u00eancia, comprometimento, simpatia, entusiasmo e transpar\u00eancia.<\/p>\n","protected":false},"excerpt":{"rendered":"<p>O Capital Humano \u00e9 o maior ativo para qualquer empresa que deseja representar no mercado um grande diferencial competitivo, independente do seu ramo de atua\u00e7\u00e3o. Foi pensando nisso que a HumanoSer foi criada em 2001, destacando-se pela qualidade e credibilidade dos servi\u00e7os prestados na \u00e1rea de Recursos Humanos, sendo refer\u00eancia\u00a0no segmento de Recrutamento&amp; Sele\u00e7\u00e3o de [&hellip;]<\/p>\n","protected":false},"author":1,"featured_media":0,"parent":0,"menu_order":0,"comment_status":"open","ping_status":"open","template":"","meta":{"footnotes":""},"class_list":["post-10","page","type-page","status-publish","hentry"],"_links":{"self":[{"href":"https:\/\/humanoser.com.br\/index.php?rest_route=\/wp\/v2\/pages\/10","targetHints":{"allow":["GET"]}}],"collection":[{"href":"https:\/\/humanoser.com.br\/index.php?rest_route=\/wp\/v2\/pages"}],"about":[{"href":"https:\/\/humanoser.com.br\/index.php?rest_route=\/wp\/v2\/types\/page"}],"author":[{"embeddable":true,"href":"https:\/\/humanoser.com.br\/index.php?rest_route=\/wp\/v2\/users\/1"}],"replies":[{"embeddable":true,"href":"https:\/\/humanoser.com.br\/index.php?rest_route=%2Fwp%2Fv2%2Fcomments&post=10"}],"version-history":[{"count":4,"href":"https:\/\/humanoser.com.br\/index.php?rest_route=\/wp\/v2\/pages\/10\/revisions"}],"predecessor-version":[{"id":215,"href":"https:\/\/humanoser.com.br\/index.php?rest_route=\/wp\/v2\/pages\/10\/revisions\/215"}],"wp:attachment":[{"href":"https:\/\/humanoser.com.br\/index.php?rest_route=%2Fwp%2Fv2%2Fmedia&parent=10"}],"curies":[{"name":"wp","href":"https:\/\/api.w.org\/{rel}","templated":true}]}}